{"id":65583,"date":"2023-05-25T11:19:57","date_gmt":"2023-05-25T11:19:57","guid":{"rendered":"https:\/\/flagship.ryari.com\/index.php\/product\/handykette-huelle-mit-band-umhaengen-handyhuelle-case-kordel-crossbody-fuer-iphone\/"},"modified":"2026-04-15T01:20:26","modified_gmt":"2026-04-15T01:20:26","slug":"handykette-huelle-mit-band-umhaengen-handyhuelle-case-kordel-crossbody-fuer-iphone","status":"publish","type":"product","link":"https:\/\/flagship.ryari.com\/index.php\/product\/handykette-huelle-mit-band-umhaengen-handyhuelle-case-kordel-crossbody-fuer-iphone\/","title":{"rendered":"Handykette H\u00fclle mit Band umh\u00e4ngen Handyh\u00fclle Case Kordel Crossbody F\u00fcr iPhone"},"content":{"rendered":"","protected":false},"excerpt":{"rendered":"<p>Entdecken Sie Handykette H\u00fclle mit Band umh\u00e4ngen Handyh\u00fclle Case Kordel Crossbody F\u00fcr iPhone in der gro\u00dfen Auswahl bei eBay. Kostenlose Lieferung f\u00fcr viele Artikel!<\/p>\n","protected":false},"featured_media":999980000000655830,"comment_status":"open","ping_status":"closed","template":"","meta":[],"product_cat":[382],"product_tag":[],"class_list":{"0":"post-65583","1":"product","2":"type-product","3":"status-publish","4":"has-post-thumbnail","6":"product_cat-zubehoer-smartphones","8":"first","9":"instock","10":"taxable","11":"shipping-taxable","12":"product-type-external"},"acf":[],"_links":{"self":[{"href":"https:\/\/flagship.ryari.com\/index.php\/wp-json\/wp\/v2\/product\/65583","targetHints":{"allow":["GET"]}}],"collection":[{"href":"https:\/\/flagship.ryari.com\/index.php\/wp-json\/wp\/v2\/product"}],"about":[{"href":"https:\/\/flagship.ryari.com\/index.php\/wp-json\/wp\/v2\/types\/product"}],"replies":[{"embeddable":true,"href":"https:\/\/flagship.ryari.com\/index.php\/wp-json\/wp\/v2\/comments?post=65583"}],"wp:featuredmedia":[{"embeddable":true,"href":"https:\/\/flagship.ryari.com\/index.php\/wp-json\/"}],"wp:attachment":[{"href":"https:\/\/flagship.ryari.com\/index.php\/wp-json\/wp\/v2\/media?parent=65583"}],"wp:term":[{"taxonomy":"product_cat","embeddable":true,"href":"https:\/\/flagship.ryari.com\/index.php\/wp-json\/wp\/v2\/product_cat?post=65583"},{"taxonomy":"product_tag","embeddable":true,"href":"https:\/\/flagship.ryari.com\/index.php\/wp-json\/wp\/v2\/product_tag?post=65583"}],"curies":[{"name":"wp","href":"https:\/\/api.w.org\/{rel}","templated":true}]}}