{"id":65952,"date":"2023-05-25T11:36:25","date_gmt":"2023-05-25T11:36:25","guid":{"rendered":"https:\/\/flagship.ryari.com\/index.php\/product\/huelle-fuer-apple-iphone-x-xs-xr-xs-max-handyhuelle-schutzhuelle-silikon3\/"},"modified":"2026-04-17T14:19:06","modified_gmt":"2026-04-17T14:19:06","slug":"huelle-fuer-apple-iphone-x-xs-xr-xs-max-handyhuelle-schutzhuelle-silikon3","status":"publish","type":"product","link":"https:\/\/flagship.ryari.com\/index.php\/product\/huelle-fuer-apple-iphone-x-xs-xr-xs-max-handyhuelle-schutzhuelle-silikon3\/","title":{"rendered":"H\u00fclle f\u00fcr Apple iPhone X XS XR XS Max Handyh\u00fclle Schutzh\u00fclle Silikon3"},"content":{"rendered":"","protected":false},"excerpt":{"rendered":"<p>Entdecken Sie H\u00fclle f\u00fcr Apple iPhone X XS XR XS Max Handyh\u00fclle Schutzh\u00fclle Silikon3 in der gro\u00dfen Auswahl bei eBay. Kostenlose Lieferung f\u00fcr viele Artikel!<\/p>\n","protected":false},"featured_media":999980000000659520,"comment_status":"open","ping_status":"closed","template":"","meta":[],"product_cat":[382],"product_tag":[],"class_list":{"0":"post-65952","1":"product","2":"type-product","3":"status-publish","4":"has-post-thumbnail","6":"product_cat-zubehoer-smartphones","8":"first","9":"instock","10":"taxable","11":"shipping-taxable","12":"product-type-external"},"acf":[],"_links":{"self":[{"href":"https:\/\/flagship.ryari.com\/index.php\/wp-json\/wp\/v2\/product\/65952","targetHints":{"allow":["GET"]}}],"collection":[{"href":"https:\/\/flagship.ryari.com\/index.php\/wp-json\/wp\/v2\/product"}],"about":[{"href":"https:\/\/flagship.ryari.com\/index.php\/wp-json\/wp\/v2\/types\/product"}],"replies":[{"embeddable":true,"href":"https:\/\/flagship.ryari.com\/index.php\/wp-json\/wp\/v2\/comments?post=65952"}],"wp:featuredmedia":[{"embeddable":true,"href":"https:\/\/flagship.ryari.com\/index.php\/wp-json\/"}],"wp:attachment":[{"href":"https:\/\/flagship.ryari.com\/index.php\/wp-json\/wp\/v2\/media?parent=65952"}],"wp:term":[{"taxonomy":"product_cat","embeddable":true,"href":"https:\/\/flagship.ryari.com\/index.php\/wp-json\/wp\/v2\/product_cat?post=65952"},{"taxonomy":"product_tag","embeddable":true,"href":"https:\/\/flagship.ryari.com\/index.php\/wp-json\/wp\/v2\/product_tag?post=65952"}],"curies":[{"name":"wp","href":"https:\/\/api.w.org\/{rel}","templated":true}]}}