{"id":66079,"date":"2023-05-25T11:41:01","date_gmt":"2023-05-25T11:41:01","guid":{"rendered":"https:\/\/flagship.ryari.com\/index.php\/product\/handy-huelle-fuer-iphone-14-13-12-11-pro-max-mini-xr-xs-8-case-silikon-transparent-2\/"},"modified":"2026-04-14T09:25:49","modified_gmt":"2026-04-14T09:25:49","slug":"handy-huelle-fuer-iphone-14-13-12-11-pro-max-mini-xr-xs-8-case-silikon-transparent-2","status":"publish","type":"product","link":"https:\/\/flagship.ryari.com\/index.php\/product\/handy-huelle-fuer-iphone-14-13-12-11-pro-max-mini-xr-xs-8-case-silikon-transparent-2\/","title":{"rendered":"Handy H\u00fclle f\u00fcr iPhone 14 13 12 11 Pro Max Mini XR XS 8 Case Silikon Transparent"},"content":{"rendered":"","protected":false},"excerpt":{"rendered":"<p>Entdecken Sie Handy H\u00fclle f\u00fcr iPhone 14 13 12 11 Pro Max Mini XR XS 8 Case Silikon Transparent in der gro\u00dfen Auswahl bei eBay. Kostenlose Lieferung f\u00fcr viele Artikel!<\/p>\n","protected":false},"featured_media":999980000000660790,"comment_status":"open","ping_status":"closed","template":"","meta":[],"product_cat":[382],"product_tag":[],"class_list":{"0":"post-66079","1":"product","2":"type-product","3":"status-publish","4":"has-post-thumbnail","6":"product_cat-zubehoer-smartphones","8":"first","9":"instock","10":"taxable","11":"shipping-taxable","12":"product-type-external"},"acf":[],"_links":{"self":[{"href":"https:\/\/flagship.ryari.com\/index.php\/wp-json\/wp\/v2\/product\/66079","targetHints":{"allow":["GET"]}}],"collection":[{"href":"https:\/\/flagship.ryari.com\/index.php\/wp-json\/wp\/v2\/product"}],"about":[{"href":"https:\/\/flagship.ryari.com\/index.php\/wp-json\/wp\/v2\/types\/product"}],"replies":[{"embeddable":true,"href":"https:\/\/flagship.ryari.com\/index.php\/wp-json\/wp\/v2\/comments?post=66079"}],"wp:featuredmedia":[{"embeddable":true,"href":"https:\/\/flagship.ryari.com\/index.php\/wp-json\/"}],"wp:attachment":[{"href":"https:\/\/flagship.ryari.com\/index.php\/wp-json\/wp\/v2\/media?parent=66079"}],"wp:term":[{"taxonomy":"product_cat","embeddable":true,"href":"https:\/\/flagship.ryari.com\/index.php\/wp-json\/wp\/v2\/product_cat?post=66079"},{"taxonomy":"product_tag","embeddable":true,"href":"https:\/\/flagship.ryari.com\/index.php\/wp-json\/wp\/v2\/product_tag?post=66079"}],"curies":[{"name":"wp","href":"https:\/\/api.w.org\/{rel}","templated":true}]}}