{"id":66090,"date":"2023-05-25T11:41:30","date_gmt":"2023-05-25T11:41:30","guid":{"rendered":"https:\/\/flagship.ryari.com\/index.php\/product\/neopren-sport-joggen-fitness-lauf-armband-arm-fuss-tasche-case-huelle-etui-cover-apple-iphone-6-schwarz-iphone-6\/"},"modified":"2026-04-12T18:31:07","modified_gmt":"2026-04-12T18:31:07","slug":"neopren-sport-joggen-fitness-lauf-armband-arm-fuss-tasche-case-huelle-etui-cover-apple-iphone-6-schwarz-iphone-6","status":"publish","type":"product","link":"https:\/\/flagship.ryari.com\/index.php\/product\/neopren-sport-joggen-fitness-lauf-armband-arm-fuss-tasche-case-huelle-etui-cover-apple-iphone-6-schwarz-iphone-6\/","title":{"rendered":"Neopren Sport Joggen Fitness Lauf Armband Arm Fu\u00df Tasche Case H\u00fclle Etui Cover Apple iPhone 6 Schwarz iPhone 6"},"content":{"rendered":"","protected":false},"excerpt":{"rendered":"<p>Entdecken Sie Neopren Sport Joggen Fitness Lauf Armband Arm Fu\u00df Tasche Case H\u00fclle Etui Cover Apple iPhone 6 Schwarz iPhone 6 in der gro\u00dfen Auswahl bei eBay. Kostenlose Lieferung f\u00fcr viele Artikel!<\/p>\n","protected":false},"featured_media":999980000000660900,"comment_status":"open","ping_status":"closed","template":"","meta":[],"product_cat":[382],"product_tag":[],"class_list":{"0":"post-66090","1":"product","2":"type-product","3":"status-publish","4":"has-post-thumbnail","6":"product_cat-zubehoer-smartphones","8":"first","9":"instock","10":"taxable","11":"shipping-taxable","12":"product-type-external"},"acf":[],"_links":{"self":[{"href":"https:\/\/flagship.ryari.com\/index.php\/wp-json\/wp\/v2\/product\/66090","targetHints":{"allow":["GET"]}}],"collection":[{"href":"https:\/\/flagship.ryari.com\/index.php\/wp-json\/wp\/v2\/product"}],"about":[{"href":"https:\/\/flagship.ryari.com\/index.php\/wp-json\/wp\/v2\/types\/product"}],"replies":[{"embeddable":true,"href":"https:\/\/flagship.ryari.com\/index.php\/wp-json\/wp\/v2\/comments?post=66090"}],"wp:featuredmedia":[{"embeddable":true,"href":"https:\/\/flagship.ryari.com\/index.php\/wp-json\/"}],"wp:attachment":[{"href":"https:\/\/flagship.ryari.com\/index.php\/wp-json\/wp\/v2\/media?parent=66090"}],"wp:term":[{"taxonomy":"product_cat","embeddable":true,"href":"https:\/\/flagship.ryari.com\/index.php\/wp-json\/wp\/v2\/product_cat?post=66090"},{"taxonomy":"product_tag","embeddable":true,"href":"https:\/\/flagship.ryari.com\/index.php\/wp-json\/wp\/v2\/product_tag?post=66090"}],"curies":[{"name":"wp","href":"https:\/\/api.w.org\/{rel}","templated":true}]}}