{"id":66398,"date":"2023-05-25T11:54:15","date_gmt":"2023-05-25T11:54:15","guid":{"rendered":"https:\/\/flagship.ryari.com\/index.php\/product\/bumper-handy-tasche-tpu-clear-etui-case-a-schutz-huelle-fuer-motorola-moto-x-force\/"},"modified":"2026-04-06T11:15:03","modified_gmt":"2026-04-06T11:15:03","slug":"bumper-handy-tasche-tpu-clear-etui-case-a-schutz-huelle-fuer-motorola-moto-x-force","status":"publish","type":"product","link":"https:\/\/flagship.ryari.com\/index.php\/product\/bumper-handy-tasche-tpu-clear-etui-case-a-schutz-huelle-fuer-motorola-moto-x-force\/","title":{"rendered":"BUMPER Handy Tasche TPU CLEAR Etui Case A Schutz H\u00fclle F\u00fcr Motorola Moto X Force"},"content":{"rendered":"","protected":false},"excerpt":{"rendered":"<p>Entdecken Sie BUMPER Handy Tasche TPU CLEAR Etui Case A Schutz H\u00fclle F\u00fcr Motorola Moto X Force in der gro\u00dfen Auswahl bei eBay. Kostenlose Lieferung f\u00fcr viele Artikel!<\/p>\n","protected":false},"featured_media":999980000000663980,"comment_status":"open","ping_status":"closed","template":"","meta":[],"product_cat":[382],"product_tag":[],"class_list":{"0":"post-66398","1":"product","2":"type-product","3":"status-publish","4":"has-post-thumbnail","6":"product_cat-zubehoer-smartphones","8":"first","9":"instock","10":"taxable","11":"shipping-taxable","12":"product-type-external"},"acf":[],"_links":{"self":[{"href":"https:\/\/flagship.ryari.com\/index.php\/wp-json\/wp\/v2\/product\/66398","targetHints":{"allow":["GET"]}}],"collection":[{"href":"https:\/\/flagship.ryari.com\/index.php\/wp-json\/wp\/v2\/product"}],"about":[{"href":"https:\/\/flagship.ryari.com\/index.php\/wp-json\/wp\/v2\/types\/product"}],"replies":[{"embeddable":true,"href":"https:\/\/flagship.ryari.com\/index.php\/wp-json\/wp\/v2\/comments?post=66398"}],"wp:featuredmedia":[{"embeddable":true,"href":"https:\/\/flagship.ryari.com\/index.php\/wp-json\/"}],"wp:attachment":[{"href":"https:\/\/flagship.ryari.com\/index.php\/wp-json\/wp\/v2\/media?parent=66398"}],"wp:term":[{"taxonomy":"product_cat","embeddable":true,"href":"https:\/\/flagship.ryari.com\/index.php\/wp-json\/wp\/v2\/product_cat?post=66398"},{"taxonomy":"product_tag","embeddable":true,"href":"https:\/\/flagship.ryari.com\/index.php\/wp-json\/wp\/v2\/product_tag?post=66398"}],"curies":[{"name":"wp","href":"https:\/\/api.w.org\/{rel}","templated":true}]}}