{"id":66448,"date":"2023-05-25T11:56:10","date_gmt":"2023-05-25T11:56:10","guid":{"rendered":"https:\/\/flagship.ryari.com\/index.php\/product\/fuer-huawei-p30-2019-waist-pack-wasserdichte-guerteltasche-laufen-radfahren-m\/"},"modified":"2026-04-17T21:17:45","modified_gmt":"2026-04-17T21:17:45","slug":"fuer-huawei-p30-2019-waist-pack-wasserdichte-guerteltasche-laufen-radfahren-m","status":"publish","type":"product","link":"https:\/\/flagship.ryari.com\/index.php\/product\/fuer-huawei-p30-2019-waist-pack-wasserdichte-guerteltasche-laufen-radfahren-m\/","title":{"rendered":"f\u00fcr HUAWEI P30 (2019) Waist Pack Wasserdichte G\u00fcrteltasche Laufen Radfahren M&#8230;"},"content":{"rendered":"","protected":false},"excerpt":{"rendered":"<p>Entdecken Sie f\u00fcr HUAWEI P30 (2019) Waist Pack Wasserdichte G\u00fcrteltasche Laufen Radfahren M&#8230; in der gro\u00dfen Auswahl bei eBay. Kostenlose Lieferung f\u00fcr viele Artikel!<\/p>\n","protected":false},"featured_media":999980000000664480,"comment_status":"open","ping_status":"closed","template":"","meta":[],"product_cat":[382],"product_tag":[],"class_list":{"0":"post-66448","1":"product","2":"type-product","3":"status-publish","4":"has-post-thumbnail","6":"product_cat-zubehoer-smartphones","8":"first","9":"instock","10":"taxable","11":"shipping-taxable","12":"product-type-external"},"acf":[],"_links":{"self":[{"href":"https:\/\/flagship.ryari.com\/index.php\/wp-json\/wp\/v2\/product\/66448","targetHints":{"allow":["GET"]}}],"collection":[{"href":"https:\/\/flagship.ryari.com\/index.php\/wp-json\/wp\/v2\/product"}],"about":[{"href":"https:\/\/flagship.ryari.com\/index.php\/wp-json\/wp\/v2\/types\/product"}],"replies":[{"embeddable":true,"href":"https:\/\/flagship.ryari.com\/index.php\/wp-json\/wp\/v2\/comments?post=66448"}],"wp:featuredmedia":[{"embeddable":true,"href":"https:\/\/flagship.ryari.com\/index.php\/wp-json\/"}],"wp:attachment":[{"href":"https:\/\/flagship.ryari.com\/index.php\/wp-json\/wp\/v2\/media?parent=66448"}],"wp:term":[{"taxonomy":"product_cat","embeddable":true,"href":"https:\/\/flagship.ryari.com\/index.php\/wp-json\/wp\/v2\/product_cat?post=66448"},{"taxonomy":"product_tag","embeddable":true,"href":"https:\/\/flagship.ryari.com\/index.php\/wp-json\/wp\/v2\/product_tag?post=66448"}],"curies":[{"name":"wp","href":"https:\/\/api.w.org\/{rel}","templated":true}]}}