{"id":66671,"date":"2023-05-25T12:05:53","date_gmt":"2023-05-25T12:05:53","guid":{"rendered":"https:\/\/flagship.ryari.com\/index.php\/product\/2in1-kopfhoerer-aux-adapter-splitter-ladekabel-stecker-fuer-iphone-x-xr-11-12-13-2\/"},"modified":"2026-04-19T18:24:21","modified_gmt":"2026-04-19T18:24:21","slug":"2in1-kopfhoerer-aux-adapter-splitter-ladekabel-stecker-fuer-iphone-x-xr-11-12-13-2","status":"publish","type":"product","link":"https:\/\/flagship.ryari.com\/index.php\/product\/2in1-kopfhoerer-aux-adapter-splitter-ladekabel-stecker-fuer-iphone-x-xr-11-12-13-2\/","title":{"rendered":"2in1 Kopfh\u00f6rer Aux Adapter Splitter Ladekabel Stecker f\u00fcr iPhone X XR 11 12 13"},"content":{"rendered":"","protected":false},"excerpt":{"rendered":"<p>Entdecken Sie 2in1 Kopfh\u00f6rer Aux Adapter Splitter Ladekabel Stecker f\u00fcr iPhone X XR 11 12 13 in der gro\u00dfen Auswahl bei eBay. Kostenlose Lieferung f\u00fcr viele Artikel!<\/p>\n","protected":false},"featured_media":999980000000666710,"comment_status":"open","ping_status":"closed","template":"","meta":[],"product_cat":[382],"product_tag":[],"class_list":{"0":"post-66671","1":"product","2":"type-product","3":"status-publish","4":"has-post-thumbnail","6":"product_cat-zubehoer-smartphones","8":"first","9":"instock","10":"taxable","11":"shipping-taxable","12":"product-type-external"},"acf":[],"_links":{"self":[{"href":"https:\/\/flagship.ryari.com\/index.php\/wp-json\/wp\/v2\/product\/66671","targetHints":{"allow":["GET"]}}],"collection":[{"href":"https:\/\/flagship.ryari.com\/index.php\/wp-json\/wp\/v2\/product"}],"about":[{"href":"https:\/\/flagship.ryari.com\/index.php\/wp-json\/wp\/v2\/types\/product"}],"replies":[{"embeddable":true,"href":"https:\/\/flagship.ryari.com\/index.php\/wp-json\/wp\/v2\/comments?post=66671"}],"wp:featuredmedia":[{"embeddable":true,"href":"https:\/\/flagship.ryari.com\/index.php\/wp-json\/"}],"wp:attachment":[{"href":"https:\/\/flagship.ryari.com\/index.php\/wp-json\/wp\/v2\/media?parent=66671"}],"wp:term":[{"taxonomy":"product_cat","embeddable":true,"href":"https:\/\/flagship.ryari.com\/index.php\/wp-json\/wp\/v2\/product_cat?post=66671"},{"taxonomy":"product_tag","embeddable":true,"href":"https:\/\/flagship.ryari.com\/index.php\/wp-json\/wp\/v2\/product_tag?post=66671"}],"curies":[{"name":"wp","href":"https:\/\/api.w.org\/{rel}","templated":true}]}}