{"id":66787,"date":"2023-05-25T12:11:01","date_gmt":"2023-05-25T12:11:01","guid":{"rendered":"https:\/\/flagship.ryari.com\/index.php\/product\/fuer-oppo-a73-4g-2020-holster-etui-guertelschlaufen-horizontalem-case-guertelc-4\/"},"modified":"2026-04-19T18:09:06","modified_gmt":"2026-04-19T18:09:06","slug":"fuer-oppo-a73-4g-2020-holster-etui-guertelschlaufen-horizontalem-case-guertelc-4","status":"publish","type":"product","link":"https:\/\/flagship.ryari.com\/index.php\/product\/fuer-oppo-a73-4g-2020-holster-etui-guertelschlaufen-horizontalem-case-guertelc-4\/","title":{"rendered":"f\u00fcr Oppo A73 4G (2020) Holster Etui G\u00fcrtelschlaufen Horizontalem Case G\u00fcrtelc&#8230;"},"content":{"rendered":"","protected":false},"excerpt":{"rendered":"<p>Entdecken Sie f\u00fcr Oppo A73 4G (2020) Holster Etui G\u00fcrtelschlaufen Horizontalem Case G\u00fcrtelc&#8230; in der gro\u00dfen Auswahl bei eBay. Kostenlose Lieferung f\u00fcr viele Artikel!<\/p>\n","protected":false},"featured_media":999980000000667870,"comment_status":"open","ping_status":"closed","template":"","meta":[],"product_cat":[382],"product_tag":[],"class_list":{"0":"post-66787","1":"product","2":"type-product","3":"status-publish","4":"has-post-thumbnail","6":"product_cat-zubehoer-smartphones","8":"first","9":"instock","10":"taxable","11":"shipping-taxable","12":"product-type-external"},"acf":[],"_links":{"self":[{"href":"https:\/\/flagship.ryari.com\/index.php\/wp-json\/wp\/v2\/product\/66787","targetHints":{"allow":["GET"]}}],"collection":[{"href":"https:\/\/flagship.ryari.com\/index.php\/wp-json\/wp\/v2\/product"}],"about":[{"href":"https:\/\/flagship.ryari.com\/index.php\/wp-json\/wp\/v2\/types\/product"}],"replies":[{"embeddable":true,"href":"https:\/\/flagship.ryari.com\/index.php\/wp-json\/wp\/v2\/comments?post=66787"}],"wp:featuredmedia":[{"embeddable":true,"href":"https:\/\/flagship.ryari.com\/index.php\/wp-json\/"}],"wp:attachment":[{"href":"https:\/\/flagship.ryari.com\/index.php\/wp-json\/wp\/v2\/media?parent=66787"}],"wp:term":[{"taxonomy":"product_cat","embeddable":true,"href":"https:\/\/flagship.ryari.com\/index.php\/wp-json\/wp\/v2\/product_cat?post=66787"},{"taxonomy":"product_tag","embeddable":true,"href":"https:\/\/flagship.ryari.com\/index.php\/wp-json\/wp\/v2\/product_tag?post=66787"}],"curies":[{"name":"wp","href":"https:\/\/api.w.org\/{rel}","templated":true}]}}